{"id":1472,"date":"2023-03-30T16:00:30","date_gmt":"2023-03-30T16:00:30","guid":{"rendered":"http:\/\/av-automatyvendingowe.pl\/?page_id=1472"},"modified":"2023-04-13T19:59:35","modified_gmt":"2023-04-13T19:59:35","slug":"automaty-przekaskowe-snack","status":"publish","type":"page","link":"https:\/\/av-automatyvendingowe.pl\/?page_id=1472","title":{"rendered":"Automaty przek\u0105skowe &#8211; snack"},"content":{"rendered":"\n<p class=\"has-luminous-vivid-amber-color has-text-color\" style=\"font-size:38px\"><strong>W asortymencie znajduj\u0105 si\u0119 mi\u0119dzy innymi:<\/strong><\/p>\n\n\n\n<div class=\"wp-block-group is-vertical is-layout-flex wp-container-core-group-is-layout-fe9cc265 wp-block-group-is-layout-flex\">\n<p class=\"has-text-align-left has-background-secondary-color has-text-color\" style=\"font-size:24px;line-height:1.5\"><strong>Przek\u0105ski s\u0142one<\/strong>&nbsp;(np. paluszki, chipsy, czy te\u017c zupki chi\u0144skie)<br><strong>Przek\u0105ski s\u0142odkie<\/strong>&nbsp;(np. batony, wafelki, rogaliki)<br><strong>Napoje<\/strong>&nbsp;(np. woda mineralna, s\u0142odkie napoje gazowane, napoje bez cukru, napoje energetyczne)<\/p>\n\n\n\n<p class=\"has-text-align-left has-background-secondary-color has-text-color\" style=\"font-size:24px;line-height:1.5\">Istnieje mo\u017cliwo\u015b\u0107 indywidualnego doboru produkt\u00f3w pod klienta.<\/p>\n<\/div>\n\n\n\n<figure class=\"wp-block-image size-large\"><img loading=\"lazy\" decoding=\"async\" width=\"1024\" height=\"336\" src=\"http:\/\/av-automatyvendingowe.pl\/wp-content\/uploads\/2023\/04\/Nowy-obraz-mapy-bitowej-2-Kopia-1024x336.bmp\" alt=\"\" class=\"wp-image-1597\" srcset=\"https:\/\/av-automatyvendingowe.pl\/wp-content\/uploads\/2023\/04\/Nowy-obraz-mapy-bitowej-2-Kopia-1024x336.bmp 1024w, https:\/\/av-automatyvendingowe.pl\/wp-content\/uploads\/2023\/04\/Nowy-obraz-mapy-bitowej-2-Kopia-300x98.bmp 300w, https:\/\/av-automatyvendingowe.pl\/wp-content\/uploads\/2023\/04\/Nowy-obraz-mapy-bitowej-2-Kopia-768x252.bmp 768w, https:\/\/av-automatyvendingowe.pl\/wp-content\/uploads\/2023\/04\/Nowy-obraz-mapy-bitowej-2-Kopia-600x197.bmp 600w, https:\/\/av-automatyvendingowe.pl\/wp-content\/uploads\/2023\/04\/Nowy-obraz-mapy-bitowej-2-Kopia.bmp 1294w\" sizes=\"auto, (max-width: 1024px) 100vw, 1024px\" \/><\/figure>\n","protected":false},"excerpt":{"rendered":"<p>W asortymencie znajduj\u0105 si\u0119 mi\u0119dzy innymi: Przek\u0105ski s\u0142one&nbsp;(np. paluszki, chipsy, czy te\u017c zupki chi\u0144skie)Przek\u0105ski s\u0142odkie&nbsp;(np. batony, wafelki, rogaliki)Napoje&nbsp;(np. woda mineralna, s\u0142odkie napoje gazowane, napoje bez&hellip;<\/p>\n","protected":false},"author":1,"featured_media":0,"parent":0,"menu_order":0,"comment_status":"closed","ping_status":"closed","template":"","meta":{"_regular_price":[],"currency_symbol":[],"footnotes":""},"class_list":["post-1472","page","type-page","status-publish","hentry"],"post_slider_layout_featured_media_urls":{"thumbnail":"","post_slider_layout_landscape_large":"","post_slider_layout_portrait_large":"","post_slider_layout_square_large":"","post_slider_layout_landscape":"","post_slider_layout_portrait":"","post_slider_layout_square":"","full":""},"_links":{"self":[{"href":"https:\/\/av-automatyvendingowe.pl\/index.php?rest_route=\/wp\/v2\/pages\/1472","targetHints":{"allow":["GET"]}}],"collection":[{"href":"https:\/\/av-automatyvendingowe.pl\/index.php?rest_route=\/wp\/v2\/pages"}],"about":[{"href":"https:\/\/av-automatyvendingowe.pl\/index.php?rest_route=\/wp\/v2\/types\/page"}],"author":[{"embeddable":true,"href":"https:\/\/av-automatyvendingowe.pl\/index.php?rest_route=\/wp\/v2\/users\/1"}],"replies":[{"embeddable":true,"href":"https:\/\/av-automatyvendingowe.pl\/index.php?rest_route=%2Fwp%2Fv2%2Fcomments&post=1472"}],"version-history":[{"count":17,"href":"https:\/\/av-automatyvendingowe.pl\/index.php?rest_route=\/wp\/v2\/pages\/1472\/revisions"}],"predecessor-version":[{"id":1599,"href":"https:\/\/av-automatyvendingowe.pl\/index.php?rest_route=\/wp\/v2\/pages\/1472\/revisions\/1599"}],"wp:attachment":[{"href":"https:\/\/av-automatyvendingowe.pl\/index.php?rest_route=%2Fwp%2Fv2%2Fmedia&parent=1472"}],"curies":[{"name":"wp","href":"https:\/\/api.w.org\/{rel}","templated":true}]}}