{"id":1510,"date":"2023-03-30T16:56:42","date_gmt":"2023-03-30T16:56:42","guid":{"rendered":"http:\/\/av-automatyvendingowe.pl\/?page_id=1510"},"modified":"2023-04-13T19:58:26","modified_gmt":"2023-04-13T19:58:26","slug":"rozwiazania-dla-myjni-samochodowych","status":"publish","type":"page","link":"https:\/\/av-automatyvendingowe.pl\/?page_id=1510","title":{"rendered":"Rozwi\u0105zania dla myjni samochodowych"},"content":{"rendered":"\n<p class=\"has-primary-color has-text-color\" style=\"font-size:38px\"><strong>Idealne dope\u0142nienie<\/strong><\/p>\n\n\n\n<p class=\"has-background-secondary-color has-text-color\" style=\"font-size:24px\">Automat na myjni b\u0119dzie udogodnieniem dla Pa\u0144stwa klient\u00f3w, poprzez zapewnienie sta\u0142ego dost\u0119pu do wysokiej jako\u015bci preparat\u00f3w do czyszczenia wn\u0119trza pojazd\u00f3w, czy te\u017c zapach\u00f3w oraz napoj\u00f3w i pakowanych przek\u0105sek. Posiadaj\u0105c tak\u0105 maszyn\u0119, zwi\u0119kszaj\u0105 Pa\u0144stwo swoj\u0105 pozycj\u0119 wzgl\u0119dem konkurencji.<\/p>\n\n\n\n<figure class=\"wp-block-image size-large\"><img loading=\"lazy\" decoding=\"async\" width=\"1024\" height=\"339\" src=\"http:\/\/av-automatyvendingowe.pl\/wp-content\/uploads\/2023\/04\/Nowy-obraz-mapy-bitowej-2-1024x339.bmp\" alt=\"\" class=\"wp-image-1594\" srcset=\"https:\/\/av-automatyvendingowe.pl\/wp-content\/uploads\/2023\/04\/Nowy-obraz-mapy-bitowej-2-1024x339.bmp 1024w, https:\/\/av-automatyvendingowe.pl\/wp-content\/uploads\/2023\/04\/Nowy-obraz-mapy-bitowej-2-300x99.bmp 300w, https:\/\/av-automatyvendingowe.pl\/wp-content\/uploads\/2023\/04\/Nowy-obraz-mapy-bitowej-2-768x254.bmp 768w, https:\/\/av-automatyvendingowe.pl\/wp-content\/uploads\/2023\/04\/Nowy-obraz-mapy-bitowej-2-600x199.bmp 600w, https:\/\/av-automatyvendingowe.pl\/wp-content\/uploads\/2023\/04\/Nowy-obraz-mapy-bitowej-2.bmp 1284w\" sizes=\"auto, (max-width: 1024px) 100vw, 1024px\" \/><\/figure>\n","protected":false},"excerpt":{"rendered":"<p>Idealne dope\u0142nienie Automat na myjni b\u0119dzie udogodnieniem dla Pa\u0144stwa klient\u00f3w, poprzez zapewnienie sta\u0142ego dost\u0119pu do wysokiej jako\u015bci preparat\u00f3w do czyszczenia wn\u0119trza pojazd\u00f3w, czy te\u017c zapach\u00f3w&hellip;<\/p>\n","protected":false},"author":1,"featured_media":0,"parent":0,"menu_order":0,"comment_status":"closed","ping_status":"closed","template":"","meta":{"_regular_price":[],"currency_symbol":[],"footnotes":""},"class_list":["post-1510","page","type-page","status-publish","hentry"],"post_slider_layout_featured_media_urls":{"thumbnail":"","post_slider_layout_landscape_large":"","post_slider_layout_portrait_large":"","post_slider_layout_square_large":"","post_slider_layout_landscape":"","post_slider_layout_portrait":"","post_slider_layout_square":"","full":""},"_links":{"self":[{"href":"https:\/\/av-automatyvendingowe.pl\/index.php?rest_route=\/wp\/v2\/pages\/1510","targetHints":{"allow":["GET"]}}],"collection":[{"href":"https:\/\/av-automatyvendingowe.pl\/index.php?rest_route=\/wp\/v2\/pages"}],"about":[{"href":"https:\/\/av-automatyvendingowe.pl\/index.php?rest_route=\/wp\/v2\/types\/page"}],"author":[{"embeddable":true,"href":"https:\/\/av-automatyvendingowe.pl\/index.php?rest_route=\/wp\/v2\/users\/1"}],"replies":[{"embeddable":true,"href":"https:\/\/av-automatyvendingowe.pl\/index.php?rest_route=%2Fwp%2Fv2%2Fcomments&post=1510"}],"version-history":[{"count":4,"href":"https:\/\/av-automatyvendingowe.pl\/index.php?rest_route=\/wp\/v2\/pages\/1510\/revisions"}],"predecessor-version":[{"id":1596,"href":"https:\/\/av-automatyvendingowe.pl\/index.php?rest_route=\/wp\/v2\/pages\/1510\/revisions\/1596"}],"wp:attachment":[{"href":"https:\/\/av-automatyvendingowe.pl\/index.php?rest_route=%2Fwp%2Fv2%2Fmedia&parent=1510"}],"curies":[{"name":"wp","href":"https:\/\/api.w.org\/{rel}","templated":true}]}}